{"id":1565,"date":"2021-01-15T13:34:54","date_gmt":"2021-01-15T13:34:54","guid":{"rendered":"https:\/\/sgvw.ch\/impressum\/"},"modified":"2025-07-25T09:09:47","modified_gmt":"2025-07-25T07:09:47","slug":"impressum","status":"publish","type":"page","link":"https:\/\/sgvw.ch\/fr\/impressum\/","title":{"rendered":"Impressum"},"content":{"rendered":"\n<h2 class=\"wp-block-heading\">SGVW Office<\/h2>\n\n\n\n<p>MKR Consulting AG<br>Steinerstrasse 37<br>CH-3006 Bern<\/p>\n\n\n\n<p><a href=\"tel:+41-31-343-30-26\">+41 (0)31 343 30 26<\/a><br>E-mail: <a href=\"mailto:office@sgvw.ch\">office@sgvw.ch<\/a><br><\/p>\n\n\n\n<div style=\"height:30px\" aria-hidden=\"true\" class=\"wp-block-spacer\"><\/div>\n\n\n\n<h2 class=\"wp-block-heading\">Tr\u00e4ger<\/h2>\n\n\n\n<p>Diese Wissensplattform\u00a0ist eine Dienstleistung der Schweizerischen Gesellschaft f\u00fcr Verwaltungswissenschaften (SGVW). Das Mandat f\u00fcr die Umsetzung h\u00e4lt die MKR Consulting AG.<br><br><\/p>\n\n\n\n<h2 class=\"wp-block-heading\">Redaktion<\/h2>\n\n\n\n<p>Die Inhalte der Website werden durch ein Autorinnen- und Autorennetzwerk mit Experten des \u00f6ffentlichen Sektors aus der ganzen Schweiz und dem Ausland gespiesen.<br><br><\/p>\n\n\n\n<h2 class=\"wp-block-heading\">Redaktionanschrift<\/h2>\n\n\n\n<p>Schweizerische Gesellschaft f\u00fcr Verwaltungswissenschaften<br>c\/o MKR Consulting AG<br>Steinerstrasse 37<br>3006 Bern<br>E-Mail:\u00a0<a href=\"mailto:webmaster@sgvw.ch\">webmaster@sgvw.ch<\/a><br><br><\/p>\n\n\n\n<h2 class=\"wp-block-heading\">Patronat<\/h2>\n\n\n\n<p>Die Website wird durch den Vorstand der SGVW ideell und konzeptionell unterst\u00fctzt.<br><br><\/p>\n\n\n\n<h2 class=\"wp-block-heading\">Webmaster<\/h2>\n\n\n\n<p>Stefanie Tschanz, MKR Consulting AG,\u00a0<a href=\"mailto:webmaster@sgvw.ch\">webmaster@sgvw.ch<\/a><br><br><\/p>\n\n\n\n<h2 class=\"wp-block-heading\">Konzept &amp; Umsetzung<\/h2>\n\n\n\n<p>BERTA Kommunikation AG<br>Bertastrasse 1<br>CH-8003 Z\u00fcrich<br><a href=\"https:\/\/berta-kommunikation.ch\/\"><a target=\"_blank\" rel=\"noreferrer noopener\" href=\"http:\/\/www.berta-kommunikation.ch\/\">www.berta-kommunikation.ch<\/a><\/a><br><br><\/p>\n\n\n\n<h2 class=\"wp-block-heading\">Hosting<\/h2>\n\n\n\n<p>cyon GmbH<br>Aeschengraben 6<br>CH-4051 Basel<br><a href=\"http:\/\/www.cyon.ch\/\" target=\"_blank\" rel=\"noreferrer noopener\">www.cyon.ch<\/a><\/p>\n","protected":false},"excerpt":{"rendered":"<p>SGVW Office MKR Consulting AGSteinerstrasse 37CH-3006 Bern +41 (0)31 343 30 26E-mail: office@sgvw.ch Tr\u00e4ger Diese Wissensplattform\u00a0ist eine Dienstleistung der Schweizerischen Gesellschaft f\u00fcr Verwaltungswissenschaften (SGVW). Das Mandat f\u00fcr die Umsetzung h\u00e4lt die MKR Consulting AG. Redaktion Die Inhalte der Website werden durch ein Autorinnen- und Autorennetzwerk mit Experten des \u00f6ffentlichen Sektors aus der ganzen Schweiz und [&hellip;]<\/p>\n","protected":false},"author":1,"featured_media":0,"parent":0,"menu_order":0,"comment_status":"closed","ping_status":"closed","template":"","meta":{"_acf_changed":false,"inline_featured_image":false,"footnotes":""},"acf":[],"yoast_head":"<!-- This site is optimized with the Yoast SEO plugin v22.8 - https:\/\/yoast.com\/wordpress\/plugins\/seo\/ -->\n<title>Impressum | SGVW<\/title>\n<meta name=\"robots\" content=\"index, follow, max-snippet:-1, max-image-preview:large, max-video-preview:-1\" \/>\n<link rel=\"canonical\" href=\"https:\/\/sgvw.ch\/fr\/impressum\/\" \/>\n<meta property=\"og:locale\" content=\"fr_FR\" \/>\n<meta property=\"og:type\" content=\"article\" \/>\n<meta property=\"og:title\" content=\"Impressum | SGVW\" \/>\n<meta property=\"og:description\" content=\"SGVW Office MKR Consulting AGSteinerstrasse 37CH-3006 Bern +41 (0)31 343 30 26E-mail: office@sgvw.ch Tr\u00e4ger Diese Wissensplattform\u00a0ist eine Dienstleistung der Schweizerischen Gesellschaft f\u00fcr Verwaltungswissenschaften (SGVW). Das Mandat f\u00fcr die Umsetzung h\u00e4lt die MKR Consulting AG. Redaktion Die Inhalte der Website werden durch ein Autorinnen- und Autorennetzwerk mit Experten des \u00f6ffentlichen Sektors aus der ganzen Schweiz und [&hellip;]\" \/>\n<meta property=\"og:url\" content=\"https:\/\/sgvw.ch\/fr\/impressum\/\" \/>\n<meta property=\"og:site_name\" content=\"SGVW\" \/>\n<meta property=\"article:modified_time\" content=\"2025-07-25T07:09:47+00:00\" \/>\n<meta property=\"og:image\" content=\"https:\/\/sgvw.ch\/wp-content\/uploads\/2022\/01\/preview_sgvw.png\" \/>\n\t<meta property=\"og:image:width\" content=\"2500\" \/>\n\t<meta property=\"og:image:height\" content=\"2500\" \/>\n\t<meta property=\"og:image:type\" content=\"image\/png\" \/>\n<meta name=\"twitter:card\" content=\"summary_large_image\" \/>\n<meta name=\"twitter:label1\" content=\"Dur\u00e9e de lecture estim\u00e9e\" \/>\n\t<meta name=\"twitter:data1\" content=\"1 minute\" \/>\n<script type=\"application\/ld+json\" class=\"yoast-schema-graph\">{\"@context\":\"https:\/\/schema.org\",\"@graph\":[{\"@type\":\"WebPage\",\"@id\":\"https:\/\/sgvw.ch\/fr\/impressum\/\",\"url\":\"https:\/\/sgvw.ch\/fr\/impressum\/\",\"name\":\"Impressum | SGVW\",\"isPartOf\":{\"@id\":\"https:\/\/sgvw.ch\/fr\/#website\"},\"datePublished\":\"2021-01-15T13:34:54+00:00\",\"dateModified\":\"2025-07-25T07:09:47+00:00\",\"breadcrumb\":{\"@id\":\"https:\/\/sgvw.ch\/fr\/impressum\/#breadcrumb\"},\"inLanguage\":\"fr-FR\",\"potentialAction\":[{\"@type\":\"ReadAction\",\"target\":[\"https:\/\/sgvw.ch\/fr\/impressum\/\"]}]},{\"@type\":\"BreadcrumbList\",\"@id\":\"https:\/\/sgvw.ch\/fr\/impressum\/#breadcrumb\",\"itemListElement\":[{\"@type\":\"ListItem\",\"position\":1,\"name\":\"Home\",\"item\":\"https:\/\/sgvw.ch\/fr\/\"},{\"@type\":\"ListItem\",\"position\":2,\"name\":\"Impressum\"}]},{\"@type\":\"WebSite\",\"@id\":\"https:\/\/sgvw.ch\/fr\/#website\",\"url\":\"https:\/\/sgvw.ch\/fr\/\",\"name\":\"SGVW\",\"description\":\"Die Wissenplatform im \u00f6ffentlichen Sektor\",\"publisher\":{\"@id\":\"https:\/\/sgvw.ch\/fr\/#organization\"},\"potentialAction\":[{\"@type\":\"SearchAction\",\"target\":{\"@type\":\"EntryPoint\",\"urlTemplate\":\"https:\/\/sgvw.ch\/fr\/?s={search_term_string}\"},\"query-input\":\"required name=search_term_string\"}],\"inLanguage\":\"fr-FR\"},{\"@type\":\"Organization\",\"@id\":\"https:\/\/sgvw.ch\/fr\/#organization\",\"name\":\"SGVW-Die Wissensplattform im \u00f6ffentlichen Sektor\",\"url\":\"https:\/\/sgvw.ch\/fr\/\",\"logo\":{\"@type\":\"ImageObject\",\"inLanguage\":\"fr-FR\",\"@id\":\"https:\/\/sgvw.ch\/fr\/#\/schema\/logo\/image\/\",\"url\":\"https:\/\/sgvw.ch\/wp-content\/uploads\/2021\/12\/Bildschirmfoto-2021-12-23-um-17.40.00.png\",\"contentUrl\":\"https:\/\/sgvw.ch\/wp-content\/uploads\/2021\/12\/Bildschirmfoto-2021-12-23-um-17.40.00.png\",\"width\":376,\"height\":125,\"caption\":\"SGVW-Die Wissensplattform im \u00f6ffentlichen Sektor\"},\"image\":{\"@id\":\"https:\/\/sgvw.ch\/fr\/#\/schema\/logo\/image\/\"}}]}<\/script>\n<!-- \/ Yoast SEO plugin. -->","yoast_head_json":{"title":"Impressum | SGVW","robots":{"index":"index","follow":"follow","max-snippet":"max-snippet:-1","max-image-preview":"max-image-preview:large","max-video-preview":"max-video-preview:-1"},"canonical":"https:\/\/sgvw.ch\/fr\/impressum\/","og_locale":"fr_FR","og_type":"article","og_title":"Impressum | SGVW","og_description":"SGVW Office MKR Consulting AGSteinerstrasse 37CH-3006 Bern +41 (0)31 343 30 26E-mail: office@sgvw.ch Tr\u00e4ger Diese Wissensplattform\u00a0ist eine Dienstleistung der Schweizerischen Gesellschaft f\u00fcr Verwaltungswissenschaften (SGVW). Das Mandat f\u00fcr die Umsetzung h\u00e4lt die MKR Consulting AG. Redaktion Die Inhalte der Website werden durch ein Autorinnen- und Autorennetzwerk mit Experten des \u00f6ffentlichen Sektors aus der ganzen Schweiz und [&hellip;]","og_url":"https:\/\/sgvw.ch\/fr\/impressum\/","og_site_name":"SGVW","article_modified_time":"2025-07-25T07:09:47+00:00","og_image":[{"width":2500,"height":2500,"url":"https:\/\/sgvw.ch\/wp-content\/uploads\/2022\/01\/preview_sgvw.png","type":"image\/png"}],"twitter_card":"summary_large_image","twitter_misc":{"Dur\u00e9e de lecture estim\u00e9e":"1 minute"},"schema":{"@context":"https:\/\/schema.org","@graph":[{"@type":"WebPage","@id":"https:\/\/sgvw.ch\/fr\/impressum\/","url":"https:\/\/sgvw.ch\/fr\/impressum\/","name":"Impressum | SGVW","isPartOf":{"@id":"https:\/\/sgvw.ch\/fr\/#website"},"datePublished":"2021-01-15T13:34:54+00:00","dateModified":"2025-07-25T07:09:47+00:00","breadcrumb":{"@id":"https:\/\/sgvw.ch\/fr\/impressum\/#breadcrumb"},"inLanguage":"fr-FR","potentialAction":[{"@type":"ReadAction","target":["https:\/\/sgvw.ch\/fr\/impressum\/"]}]},{"@type":"BreadcrumbList","@id":"https:\/\/sgvw.ch\/fr\/impressum\/#breadcrumb","itemListElement":[{"@type":"ListItem","position":1,"name":"Home","item":"https:\/\/sgvw.ch\/fr\/"},{"@type":"ListItem","position":2,"name":"Impressum"}]},{"@type":"WebSite","@id":"https:\/\/sgvw.ch\/fr\/#website","url":"https:\/\/sgvw.ch\/fr\/","name":"SGVW","description":"Die Wissenplatform im \u00f6ffentlichen Sektor","publisher":{"@id":"https:\/\/sgvw.ch\/fr\/#organization"},"potentialAction":[{"@type":"SearchAction","target":{"@type":"EntryPoint","urlTemplate":"https:\/\/sgvw.ch\/fr\/?s={search_term_string}"},"query-input":"required name=search_term_string"}],"inLanguage":"fr-FR"},{"@type":"Organization","@id":"https:\/\/sgvw.ch\/fr\/#organization","name":"SGVW-Die Wissensplattform im \u00f6ffentlichen Sektor","url":"https:\/\/sgvw.ch\/fr\/","logo":{"@type":"ImageObject","inLanguage":"fr-FR","@id":"https:\/\/sgvw.ch\/fr\/#\/schema\/logo\/image\/","url":"https:\/\/sgvw.ch\/wp-content\/uploads\/2021\/12\/Bildschirmfoto-2021-12-23-um-17.40.00.png","contentUrl":"https:\/\/sgvw.ch\/wp-content\/uploads\/2021\/12\/Bildschirmfoto-2021-12-23-um-17.40.00.png","width":376,"height":125,"caption":"SGVW-Die Wissensplattform im \u00f6ffentlichen Sektor"},"image":{"@id":"https:\/\/sgvw.ch\/fr\/#\/schema\/logo\/image\/"}}]}},"_links":{"self":[{"href":"https:\/\/sgvw.ch\/fr\/wp-json\/wp\/v2\/pages\/1565"}],"collection":[{"href":"https:\/\/sgvw.ch\/fr\/wp-json\/wp\/v2\/pages"}],"about":[{"href":"https:\/\/sgvw.ch\/fr\/wp-json\/wp\/v2\/types\/page"}],"author":[{"embeddable":true,"href":"https:\/\/sgvw.ch\/fr\/wp-json\/wp\/v2\/users\/1"}],"replies":[{"embeddable":true,"href":"https:\/\/sgvw.ch\/fr\/wp-json\/wp\/v2\/comments?post=1565"}],"version-history":[{"count":14,"href":"https:\/\/sgvw.ch\/fr\/wp-json\/wp\/v2\/pages\/1565\/revisions"}],"predecessor-version":[{"id":4140,"href":"https:\/\/sgvw.ch\/fr\/wp-json\/wp\/v2\/pages\/1565\/revisions\/4140"}],"wp:attachment":[{"href":"https:\/\/sgvw.ch\/fr\/wp-json\/wp\/v2\/media?parent=1565"}],"curies":[{"name":"wp","href":"https:\/\/api.w.org\/{rel}","templated":true}]}}