{"id":2653,"date":"2023-04-27T13:20:10","date_gmt":"2023-04-27T13:20:10","guid":{"rendered":"https:\/\/sgvw.ch\/?page_id=2653"},"modified":"2023-04-27T13:20:11","modified_gmt":"2023-04-27T13:20:11","slug":"a-propos-de-nous","status":"publish","type":"page","link":"https:\/\/sgvw.ch\/fr\/a-propos-de-nous\/","title":{"rendered":"A propos de nous"},"content":{"rendered":"\n<p>La Soci\u00e9t\u00e9 suisse des sciences administratives (SSSA) est l&rsquo;association professionnelle la plus importante de Suisse dans le domaine de l&rsquo;administration publique. Elle met en r\u00e9seau la Conf\u00e9d\u00e9ration, les cantons et les communes, la Suisse al\u00e9manique et romande, l&rsquo;administration, les universit\u00e9s et le conseil, diff\u00e9rentes disciplines sp\u00e9cialis\u00e9es ainsi que la politique, l&rsquo;administration et la population.<\/p>\n","protected":false},"excerpt":{"rendered":"<p>La Soci\u00e9t\u00e9 suisse des sciences administratives (SSSA) est l&rsquo;association professionnelle la plus importante de Suisse dans le domaine de l&rsquo;administration publique. Elle met en r\u00e9seau la Conf\u00e9d\u00e9ration, les cantons et les communes, la Suisse al\u00e9manique et romande, l&rsquo;administration, les universit\u00e9s et le conseil, diff\u00e9rentes disciplines sp\u00e9cialis\u00e9es ainsi que la politique, l&rsquo;administration et la population.<\/p>\n","protected":false},"author":1,"featured_media":0,"parent":0,"menu_order":0,"comment_status":"closed","ping_status":"closed","template":"","meta":{"_acf_changed":false,"inline_featured_image":false,"footnotes":""},"acf":[],"yoast_head":"<!-- This site is optimized with the Yoast SEO plugin v22.8 - https:\/\/yoast.com\/wordpress\/plugins\/seo\/ -->\n<title>A propos de nous | SGVW<\/title>\n<meta name=\"robots\" content=\"index, follow, max-snippet:-1, max-image-preview:large, max-video-preview:-1\" \/>\n<link rel=\"canonical\" href=\"https:\/\/sgvw.ch\/fr\/a-propos-de-nous\/\" \/>\n<meta property=\"og:locale\" content=\"fr_FR\" \/>\n<meta property=\"og:type\" content=\"article\" \/>\n<meta property=\"og:title\" content=\"A propos de nous | SGVW\" \/>\n<meta property=\"og:description\" content=\"La Soci\u00e9t\u00e9 suisse des sciences administratives (SSSA) est l&rsquo;association professionnelle la plus importante de Suisse dans le domaine de l&rsquo;administration publique. Elle met en r\u00e9seau la Conf\u00e9d\u00e9ration, les cantons et les communes, la Suisse al\u00e9manique et romande, l&rsquo;administration, les universit\u00e9s et le conseil, diff\u00e9rentes disciplines sp\u00e9cialis\u00e9es ainsi que la politique, l&rsquo;administration et la population.\" \/>\n<meta property=\"og:url\" content=\"https:\/\/sgvw.ch\/fr\/a-propos-de-nous\/\" \/>\n<meta property=\"og:site_name\" content=\"SGVW\" \/>\n<meta property=\"article:modified_time\" content=\"2023-04-27T13:20:11+00:00\" \/>\n<meta property=\"og:image\" content=\"https:\/\/sgvw.ch\/wp-content\/uploads\/2022\/01\/preview_sgvw.png\" \/>\n\t<meta property=\"og:image:width\" content=\"2500\" \/>\n\t<meta property=\"og:image:height\" content=\"2500\" \/>\n\t<meta property=\"og:image:type\" content=\"image\/png\" \/>\n<meta name=\"twitter:card\" content=\"summary_large_image\" \/>\n<meta name=\"twitter:label1\" content=\"Dur\u00e9e de lecture estim\u00e9e\" \/>\n\t<meta name=\"twitter:data1\" content=\"1 minute\" \/>\n<script type=\"application\/ld+json\" class=\"yoast-schema-graph\">{\"@context\":\"https:\/\/schema.org\",\"@graph\":[{\"@type\":\"WebPage\",\"@id\":\"https:\/\/sgvw.ch\/fr\/a-propos-de-nous\/\",\"url\":\"https:\/\/sgvw.ch\/fr\/a-propos-de-nous\/\",\"name\":\"A propos de nous | SGVW\",\"isPartOf\":{\"@id\":\"https:\/\/sgvw.ch\/fr\/#website\"},\"datePublished\":\"2023-04-27T13:20:10+00:00\",\"dateModified\":\"2023-04-27T13:20:11+00:00\",\"breadcrumb\":{\"@id\":\"https:\/\/sgvw.ch\/fr\/a-propos-de-nous\/#breadcrumb\"},\"inLanguage\":\"fr-FR\",\"potentialAction\":[{\"@type\":\"ReadAction\",\"target\":[\"https:\/\/sgvw.ch\/fr\/a-propos-de-nous\/\"]}]},{\"@type\":\"BreadcrumbList\",\"@id\":\"https:\/\/sgvw.ch\/fr\/a-propos-de-nous\/#breadcrumb\",\"itemListElement\":[{\"@type\":\"ListItem\",\"position\":1,\"name\":\"Home\",\"item\":\"https:\/\/sgvw.ch\/fr\/\"},{\"@type\":\"ListItem\",\"position\":2,\"name\":\"A propos de nous\"}]},{\"@type\":\"WebSite\",\"@id\":\"https:\/\/sgvw.ch\/fr\/#website\",\"url\":\"https:\/\/sgvw.ch\/fr\/\",\"name\":\"SGVW\",\"description\":\"Die Wissenplatform im \u00f6ffentlichen Sektor\",\"publisher\":{\"@id\":\"https:\/\/sgvw.ch\/fr\/#organization\"},\"potentialAction\":[{\"@type\":\"SearchAction\",\"target\":{\"@type\":\"EntryPoint\",\"urlTemplate\":\"https:\/\/sgvw.ch\/fr\/?s={search_term_string}\"},\"query-input\":\"required name=search_term_string\"}],\"inLanguage\":\"fr-FR\"},{\"@type\":\"Organization\",\"@id\":\"https:\/\/sgvw.ch\/fr\/#organization\",\"name\":\"SGVW-Die Wissensplattform im \u00f6ffentlichen Sektor\",\"url\":\"https:\/\/sgvw.ch\/fr\/\",\"logo\":{\"@type\":\"ImageObject\",\"inLanguage\":\"fr-FR\",\"@id\":\"https:\/\/sgvw.ch\/fr\/#\/schema\/logo\/image\/\",\"url\":\"https:\/\/sgvw.ch\/wp-content\/uploads\/2021\/12\/Bildschirmfoto-2021-12-23-um-17.40.00.png\",\"contentUrl\":\"https:\/\/sgvw.ch\/wp-content\/uploads\/2021\/12\/Bildschirmfoto-2021-12-23-um-17.40.00.png\",\"width\":376,\"height\":125,\"caption\":\"SGVW-Die Wissensplattform im \u00f6ffentlichen Sektor\"},\"image\":{\"@id\":\"https:\/\/sgvw.ch\/fr\/#\/schema\/logo\/image\/\"}}]}<\/script>\n<!-- \/ Yoast SEO plugin. -->","yoast_head_json":{"title":"A propos de nous | SGVW","robots":{"index":"index","follow":"follow","max-snippet":"max-snippet:-1","max-image-preview":"max-image-preview:large","max-video-preview":"max-video-preview:-1"},"canonical":"https:\/\/sgvw.ch\/fr\/a-propos-de-nous\/","og_locale":"fr_FR","og_type":"article","og_title":"A propos de nous | SGVW","og_description":"La Soci\u00e9t\u00e9 suisse des sciences administratives (SSSA) est l&rsquo;association professionnelle la plus importante de Suisse dans le domaine de l&rsquo;administration publique. Elle met en r\u00e9seau la Conf\u00e9d\u00e9ration, les cantons et les communes, la Suisse al\u00e9manique et romande, l&rsquo;administration, les universit\u00e9s et le conseil, diff\u00e9rentes disciplines sp\u00e9cialis\u00e9es ainsi que la politique, l&rsquo;administration et la population.","og_url":"https:\/\/sgvw.ch\/fr\/a-propos-de-nous\/","og_site_name":"SGVW","article_modified_time":"2023-04-27T13:20:11+00:00","og_image":[{"width":2500,"height":2500,"url":"https:\/\/sgvw.ch\/wp-content\/uploads\/2022\/01\/preview_sgvw.png","type":"image\/png"}],"twitter_card":"summary_large_image","twitter_misc":{"Dur\u00e9e de lecture estim\u00e9e":"1 minute"},"schema":{"@context":"https:\/\/schema.org","@graph":[{"@type":"WebPage","@id":"https:\/\/sgvw.ch\/fr\/a-propos-de-nous\/","url":"https:\/\/sgvw.ch\/fr\/a-propos-de-nous\/","name":"A propos de nous | SGVW","isPartOf":{"@id":"https:\/\/sgvw.ch\/fr\/#website"},"datePublished":"2023-04-27T13:20:10+00:00","dateModified":"2023-04-27T13:20:11+00:00","breadcrumb":{"@id":"https:\/\/sgvw.ch\/fr\/a-propos-de-nous\/#breadcrumb"},"inLanguage":"fr-FR","potentialAction":[{"@type":"ReadAction","target":["https:\/\/sgvw.ch\/fr\/a-propos-de-nous\/"]}]},{"@type":"BreadcrumbList","@id":"https:\/\/sgvw.ch\/fr\/a-propos-de-nous\/#breadcrumb","itemListElement":[{"@type":"ListItem","position":1,"name":"Home","item":"https:\/\/sgvw.ch\/fr\/"},{"@type":"ListItem","position":2,"name":"A propos de nous"}]},{"@type":"WebSite","@id":"https:\/\/sgvw.ch\/fr\/#website","url":"https:\/\/sgvw.ch\/fr\/","name":"SGVW","description":"Die Wissenplatform im \u00f6ffentlichen Sektor","publisher":{"@id":"https:\/\/sgvw.ch\/fr\/#organization"},"potentialAction":[{"@type":"SearchAction","target":{"@type":"EntryPoint","urlTemplate":"https:\/\/sgvw.ch\/fr\/?s={search_term_string}"},"query-input":"required name=search_term_string"}],"inLanguage":"fr-FR"},{"@type":"Organization","@id":"https:\/\/sgvw.ch\/fr\/#organization","name":"SGVW-Die Wissensplattform im \u00f6ffentlichen Sektor","url":"https:\/\/sgvw.ch\/fr\/","logo":{"@type":"ImageObject","inLanguage":"fr-FR","@id":"https:\/\/sgvw.ch\/fr\/#\/schema\/logo\/image\/","url":"https:\/\/sgvw.ch\/wp-content\/uploads\/2021\/12\/Bildschirmfoto-2021-12-23-um-17.40.00.png","contentUrl":"https:\/\/sgvw.ch\/wp-content\/uploads\/2021\/12\/Bildschirmfoto-2021-12-23-um-17.40.00.png","width":376,"height":125,"caption":"SGVW-Die Wissensplattform im \u00f6ffentlichen Sektor"},"image":{"@id":"https:\/\/sgvw.ch\/fr\/#\/schema\/logo\/image\/"}}]}},"_links":{"self":[{"href":"https:\/\/sgvw.ch\/fr\/wp-json\/wp\/v2\/pages\/2653"}],"collection":[{"href":"https:\/\/sgvw.ch\/fr\/wp-json\/wp\/v2\/pages"}],"about":[{"href":"https:\/\/sgvw.ch\/fr\/wp-json\/wp\/v2\/types\/page"}],"author":[{"embeddable":true,"href":"https:\/\/sgvw.ch\/fr\/wp-json\/wp\/v2\/users\/1"}],"replies":[{"embeddable":true,"href":"https:\/\/sgvw.ch\/fr\/wp-json\/wp\/v2\/comments?post=2653"}],"version-history":[{"count":1,"href":"https:\/\/sgvw.ch\/fr\/wp-json\/wp\/v2\/pages\/2653\/revisions"}],"predecessor-version":[{"id":2654,"href":"https:\/\/sgvw.ch\/fr\/wp-json\/wp\/v2\/pages\/2653\/revisions\/2654"}],"wp:attachment":[{"href":"https:\/\/sgvw.ch\/fr\/wp-json\/wp\/v2\/media?parent=2653"}],"curies":[{"name":"wp","href":"https:\/\/api.w.org\/{rel}","templated":true}]}}