{"id":2663,"date":"2023-05-04T11:53:54","date_gmt":"2023-05-04T11:53:54","guid":{"rendered":"https:\/\/sgvw.ch\/?page_id=2663"},"modified":"2026-01-13T14:11:25","modified_gmt":"2026-01-13T13:11:25","slug":"organisations-partenaires","status":"publish","type":"page","link":"https:\/\/sgvw.ch\/fr\/organisations-partenaires\/","title":{"rendered":"Organisations partenaires"},"content":{"rendered":"\n<p>La Soci\u00e9t\u00e9 suisse des sciences administratives SSSA peut compter sur le pr\u00e9cieux soutien des partenaires suivants:<\/p>\n\n\n\n<div class=\"wp-block-columns is-layout-flex wp-container-core-columns-is-layout-1 wp-block-columns-is-layout-flex\">\n<div class=\"wp-block-column is-layout-flow wp-block-column-is-layout-flow\" style=\"flex-basis:33.33%\">\n<figure class=\"wp-block-image size-full\"><a href=\"https:\/\/www.sagw.ch\/fr\/assh\/\"><img loading=\"lazy\" decoding=\"async\" width=\"1000\" height=\"367\" src=\"https:\/\/sgvw.ch\/wp-content\/uploads\/2025\/06\/AA91F8D7-CFE3-1D94-CC7AAC55FF5C38E5.png\" alt=\"\" class=\"wp-image-3976\" srcset=\"https:\/\/sgvw.ch\/wp-content\/uploads\/2025\/06\/AA91F8D7-CFE3-1D94-CC7AAC55FF5C38E5.png 1000w, https:\/\/sgvw.ch\/wp-content\/uploads\/2025\/06\/AA91F8D7-CFE3-1D94-CC7AAC55FF5C38E5-300x110.png 300w, https:\/\/sgvw.ch\/wp-content\/uploads\/2025\/06\/AA91F8D7-CFE3-1D94-CC7AAC55FF5C38E5-768x282.png 768w\" sizes=\"(max-width: 1000px) 100vw, 1000px\" \/><\/a><\/figure>\n<\/div>\n\n\n\n<div class=\"wp-block-column is-vertically-aligned-center is-layout-flow wp-block-column-is-layout-flow\" style=\"flex-basis:66.66%\">\n<p>Soutien principal: <\/p>\n\n\n\n<p><strong>La SSSA est membre de l\u2019Acad\u00e9mie suisse des sciences humaines et sociales (ASSH)<\/strong><\/p>\n<\/div>\n<\/div>\n\n\n\n<div class=\"wp-block-columns is-layout-flex wp-container-core-columns-is-layout-2 wp-block-columns-is-layout-flex\">\n<div class=\"wp-block-column is-layout-flow wp-block-column-is-layout-flow\" style=\"flex-basis:33.33%\">\n<figure class=\"wp-block-image size-large\"><a href=\"https:\/\/www.zhaw.ch\/de\/sml\/institute-zentren\/ivm\/\" target=\"_blank\" rel=\"noopener\"><img loading=\"lazy\" decoding=\"async\" width=\"450\" height=\"176\" src=\"https:\/\/dev.sgvw.berta-eins.ch\/wp-content\/uploads\/2021\/08\/Logo-IVM-e1550744711478-1.jpg\" alt=\"\" class=\"wp-image-1297\" srcset=\"https:\/\/sgvw.ch\/wp-content\/uploads\/2021\/08\/Logo-IVM-e1550744711478-1.jpg 450w, https:\/\/sgvw.ch\/wp-content\/uploads\/2021\/08\/Logo-IVM-e1550744711478-1-300x117.jpg 300w\" sizes=\"(max-width: 450px) 100vw, 450px\" \/><\/a><\/figure>\n<\/div>\n\n\n\n<div class=\"wp-block-column is-vertically-aligned-center is-layout-flow wp-block-column-is-layout-flow\" style=\"flex-basis:66.66%\">\n<p><br>Co-partenaire de la SSSA:<\/p>\n\n\n\n<p><strong>Institut de gestion administrative IVM de la ZHAW SML<\/strong><\/p>\n<\/div>\n<\/div>\n\n\n\n<div class=\"wp-block-columns is-layout-flex wp-container-core-columns-is-layout-3 wp-block-columns-is-layout-flex\">\n<div class=\"wp-block-column is-layout-flow wp-block-column-is-layout-flow\" style=\"flex-basis:33.33%\"><div class=\"wp-block-image\">\n<figure class=\"aligncenter size-full\"><a href=\"https:\/\/kpmg.com\/ch\/fr.html\"><img loading=\"lazy\" decoding=\"async\" width=\"768\" height=\"567\" src=\"https:\/\/sgvw.ch\/wp-content\/uploads\/2024\/08\/image-5.png\" alt=\"\" class=\"wp-image-3658\" srcset=\"https:\/\/sgvw.ch\/wp-content\/uploads\/2024\/08\/image-5.png 768w, https:\/\/sgvw.ch\/wp-content\/uploads\/2024\/08\/image-5-300x221.png 300w\" sizes=\"(max-width: 768px) 100vw, 768px\" \/><\/a><\/figure><\/div><\/div>\n\n\n\n<div class=\"wp-block-column is-vertically-aligned-center is-layout-flow wp-block-column-is-layout-flow\" style=\"flex-basis:66.66%\">\n<p><br>Partenaire de la conf\u00e9rence de la SSSA:<\/p>\n\n\n\n<p><strong>KMPG Suisse<\/strong><\/p>\n<\/div>\n<\/div>\n\n\n\n<div class=\"wp-block-columns is-layout-flex wp-container-core-columns-is-layout-4 wp-block-columns-is-layout-flex\">\n<div class=\"wp-block-column is-vertically-aligned-center is-layout-flow wp-block-column-is-layout-flow\" style=\"flex-basis:33.33%\">\n<figure class=\"wp-block-image size-full\"><a href=\"https:\/\/www.novo-bc.ch\/\"><img loading=\"lazy\" decoding=\"async\" width=\"473\" height=\"125\" src=\"https:\/\/sgvw.ch\/wp-content\/uploads\/2024\/08\/image-7.png\" alt=\"\" class=\"wp-image-3662\" srcset=\"https:\/\/sgvw.ch\/wp-content\/uploads\/2024\/08\/image-7.png 473w, https:\/\/sgvw.ch\/wp-content\/uploads\/2024\/08\/image-7-300x79.png 300w\" sizes=\"(max-width: 473px) 100vw, 473px\" \/><\/a><\/figure>\n<\/div>\n\n\n\n<div class=\"wp-block-column is-vertically-aligned-center is-layout-flow wp-block-column-is-layout-flow\" style=\"flex-basis:66.66%\">\n<p><br>Partenaire de la conf\u00e9rence de la SSSA:<\/p>\n\n\n\n<p><strong>Novo Business Consultants<\/strong> <strong>SA<\/strong><\/p>\n<\/div>\n<\/div>\n\n\n\n<div class=\"wp-block-columns is-layout-flex wp-container-core-columns-is-layout-5 wp-block-columns-is-layout-flex\">\n<div class=\"wp-block-column is-vertically-aligned-center is-layout-flow wp-block-column-is-layout-flow\" style=\"flex-basis:33.33%\">\n<figure class=\"wp-block-image size-full\"><a href=\"https:\/\/www.fabasoft.com\/de\/fabasoft-schweiz\"><img loading=\"lazy\" decoding=\"async\" width=\"256\" height=\"256\" src=\"https:\/\/sgvw.ch\/wp-content\/uploads\/2025\/09\/fabasoft_logo_icon_256x256-1.png\" alt=\"\" class=\"wp-image-4193\" srcset=\"https:\/\/sgvw.ch\/wp-content\/uploads\/2025\/09\/fabasoft_logo_icon_256x256-1.png 256w, https:\/\/sgvw.ch\/wp-content\/uploads\/2025\/09\/fabasoft_logo_icon_256x256-1-150x150.png 150w\" sizes=\"(max-width: 256px) 100vw, 256px\" \/><\/a><\/figure>\n<\/div>\n\n\n\n<div class=\"wp-block-column is-vertically-aligned-center is-layout-flow wp-block-column-is-layout-flow\" style=\"flex-basis:66.66%\">\n<p><br>Partenaire de la conf\u00e9rence de la SSSA:<\/p>\n\n\n\n<p><strong><strong>Fabasoft Schweiz AG<\/strong><\/strong><\/p>\n<\/div>\n<\/div>\n\n\n\n<div class=\"wp-block-columns is-layout-flex wp-container-core-columns-is-layout-6 wp-block-columns-is-layout-flex\">\n<div class=\"wp-block-column is-vertically-aligned-center is-layout-flow wp-block-column-is-layout-flow\" style=\"flex-basis:33.33%\">\n<figure class=\"wp-block-image size-full\"><a href=\"https:\/\/www.bk.admin.ch\/bk\/fr\/home.html\"><img loading=\"lazy\" decoding=\"async\" width=\"650\" height=\"246\" src=\"https:\/\/sgvw.ch\/wp-content\/uploads\/2024\/08\/image-9.png\" alt=\"\" class=\"wp-image-3666\" srcset=\"https:\/\/sgvw.ch\/wp-content\/uploads\/2024\/08\/image-9.png 650w, https:\/\/sgvw.ch\/wp-content\/uploads\/2024\/08\/image-9-300x114.png 300w\" sizes=\"(max-width: 650px) 100vw, 650px\" \/><\/a><\/figure>\n<\/div>\n\n\n\n<div class=\"wp-block-column is-vertically-aligned-center is-layout-flow wp-block-column-is-layout-flow\" style=\"flex-basis:66.66%\">\n<p><br>Partenaire de la conf\u00e9rence de la SSSA:<\/p>\n\n\n\n<p><strong>Chancellerie f\u00e9d\u00e9rale ChF<\/strong><\/p>\n<\/div>\n<\/div>\n\n\n\n<div class=\"wp-block-columns is-layout-flex wp-container-core-columns-is-layout-7 wp-block-columns-is-layout-flex\">\n<div class=\"wp-block-column is-vertically-aligned-center is-layout-flow wp-block-column-is-layout-flow\" style=\"flex-basis:33.33%\">\n<figure class=\"wp-block-image size-full is-resized\"><a href=\"https:\/\/www.post.ch\/fr\"><img loading=\"lazy\" decoding=\"async\" width=\"1440\" height=\"1440\" src=\"https:\/\/sgvw.ch\/wp-content\/uploads\/2025\/02\/Post_Logo_digital_RGB.png\" alt=\"\" class=\"wp-image-3826\" style=\"width:158px;height:auto\" srcset=\"https:\/\/sgvw.ch\/wp-content\/uploads\/2025\/02\/Post_Logo_digital_RGB.png 1440w, https:\/\/sgvw.ch\/wp-content\/uploads\/2025\/02\/Post_Logo_digital_RGB-300x300.png 300w, https:\/\/sgvw.ch\/wp-content\/uploads\/2025\/02\/Post_Logo_digital_RGB-1024x1024.png 1024w, https:\/\/sgvw.ch\/wp-content\/uploads\/2025\/02\/Post_Logo_digital_RGB-150x150.png 150w, https:\/\/sgvw.ch\/wp-content\/uploads\/2025\/02\/Post_Logo_digital_RGB-768x768.png 768w\" sizes=\"(max-width: 1440px) 100vw, 1440px\" \/><\/a><\/figure>\n<\/div>\n\n\n\n<div class=\"wp-block-column is-vertically-aligned-center is-layout-flow wp-block-column-is-layout-flow\" style=\"flex-basis:66.66%\">\n<p><br>Partenaire de la conf\u00e9rence de la SSSA:<\/p>\n\n\n\n<p><strong>La Poste Suisse<\/strong><\/p>\n<\/div>\n<\/div>\n\n\n\n<div class=\"wp-block-columns is-layout-flex wp-container-core-columns-is-layout-8 wp-block-columns-is-layout-flex\">\n<div class=\"wp-block-column is-vertically-aligned-center is-layout-flow wp-block-column-is-layout-flow\" style=\"flex-basis:33.33%\">\n<figure class=\"wp-block-image size-full is-resized\"><a href=\"https:\/\/www.microsoft.com\/fr-ch\"><img loading=\"lazy\" decoding=\"async\" width=\"2008\" height=\"900\" src=\"https:\/\/sgvw.ch\/wp-content\/uploads\/2025\/04\/Microsoft-logo_rgb_c-gray.png\" alt=\"\" class=\"wp-image-3906\" style=\"width:158px;height:auto\" srcset=\"https:\/\/sgvw.ch\/wp-content\/uploads\/2025\/04\/Microsoft-logo_rgb_c-gray.png 2008w, https:\/\/sgvw.ch\/wp-content\/uploads\/2025\/04\/Microsoft-logo_rgb_c-gray-300x134.png 300w, https:\/\/sgvw.ch\/wp-content\/uploads\/2025\/04\/Microsoft-logo_rgb_c-gray-1024x459.png 1024w, https:\/\/sgvw.ch\/wp-content\/uploads\/2025\/04\/Microsoft-logo_rgb_c-gray-768x344.png 768w, https:\/\/sgvw.ch\/wp-content\/uploads\/2025\/04\/Microsoft-logo_rgb_c-gray-1536x688.png 1536w\" sizes=\"(max-width: 2008px) 100vw, 2008px\" \/><\/a><\/figure>\n<\/div>\n\n\n\n<div class=\"wp-block-column is-vertically-aligned-center is-layout-flow wp-block-column-is-layout-flow\" style=\"flex-basis:66.66%\">\n<p><br>Partenaire de la conf\u00e9rence de la SSSA:<\/p>\n\n\n\n<p><strong>Microsoft<\/strong><\/p>\n<\/div>\n<\/div>\n\n\n\n<div class=\"wp-block-columns is-layout-flex wp-container-core-columns-is-layout-9 wp-block-columns-is-layout-flex\">\n<div class=\"wp-block-column is-vertically-aligned-center is-layout-flow wp-block-column-is-layout-flow\" style=\"flex-basis:33.33%\">\n<figure class=\"wp-block-image size-full is-resized\"><img loading=\"lazy\" decoding=\"async\" width=\"956\" height=\"391\" src=\"https:\/\/sgvw.ch\/wp-content\/uploads\/2025\/07\/Kellerhals-Carrard-1.png\" alt=\"\" class=\"wp-image-4122\" style=\"width:158px;height:auto\" srcset=\"https:\/\/sgvw.ch\/wp-content\/uploads\/2025\/07\/Kellerhals-Carrard-1.png 956w, https:\/\/sgvw.ch\/wp-content\/uploads\/2025\/07\/Kellerhals-Carrard-1-300x123.png 300w, https:\/\/sgvw.ch\/wp-content\/uploads\/2025\/07\/Kellerhals-Carrard-1-768x314.png 768w\" sizes=\"(max-width: 956px) 100vw, 956px\" \/><\/figure>\n<\/div>\n\n\n\n<div class=\"wp-block-column is-vertically-aligned-center is-layout-flow wp-block-column-is-layout-flow\" style=\"flex-basis:66.66%\">\n<p><br>Partenaire \u00e9ditorial de la SSSA:<\/p>\n\n\n\n<p><strong>Kellerhals Carrard<\/strong><\/p>\n<\/div>\n<\/div>\n\n\n\n<p><br>Vous souhaitez vous aussi conclure un partenariat avec la SSVP ? Ecrivez-nous \u00e0&nbsp;<a href=\"mailto:office@sgvw.ch\">office@sgvw.ch<\/a>. Nous nous r\u00e9jouissons de votre prise de contact.<\/p>\n","protected":false},"excerpt":{"rendered":"<p>La Soci\u00e9t\u00e9 suisse des sciences administratives SSSA peut compter sur le pr\u00e9cieux soutien des partenaires suivants: Soutien principal: La SSSA est membre de l\u2019Acad\u00e9mie suisse des sciences humaines et sociales (ASSH) Co-partenaire de la SSSA: Institut de gestion administrative IVM de la ZHAW SML Partenaire de la conf\u00e9rence de la SSSA: KMPG Suisse Partenaire de [&hellip;]<\/p>\n","protected":false},"author":1,"featured_media":0,"parent":0,"menu_order":0,"comment_status":"closed","ping_status":"closed","template":"","meta":{"_acf_changed":false,"inline_featured_image":false,"footnotes":""},"acf":[],"yoast_head":"<!-- This site is optimized with the Yoast SEO plugin v22.8 - https:\/\/yoast.com\/wordpress\/plugins\/seo\/ -->\n<title>Organisations partenaires | SGVW<\/title>\n<meta name=\"robots\" content=\"index, follow, max-snippet:-1, max-image-preview:large, max-video-preview:-1\" \/>\n<link rel=\"canonical\" href=\"https:\/\/sgvw.ch\/fr\/organisations-partenaires\/\" \/>\n<meta property=\"og:locale\" content=\"fr_FR\" \/>\n<meta property=\"og:type\" content=\"article\" \/>\n<meta property=\"og:title\" content=\"Organisations partenaires | SGVW\" \/>\n<meta property=\"og:description\" content=\"La Soci\u00e9t\u00e9 suisse des sciences administratives SSSA peut compter sur le pr\u00e9cieux soutien des partenaires suivants: Soutien principal: La SSSA est membre de l\u2019Acad\u00e9mie suisse des sciences humaines et sociales (ASSH) Co-partenaire de la SSSA: Institut de gestion administrative IVM de la ZHAW SML Partenaire de la conf\u00e9rence de la SSSA: KMPG Suisse Partenaire de [&hellip;]\" \/>\n<meta property=\"og:url\" content=\"https:\/\/sgvw.ch\/fr\/organisations-partenaires\/\" \/>\n<meta property=\"og:site_name\" content=\"SGVW\" \/>\n<meta property=\"article:modified_time\" content=\"2026-01-13T13:11:25+00:00\" \/>\n<meta property=\"og:image\" content=\"https:\/\/sgvw.ch\/wp-content\/uploads\/2025\/06\/AA91F8D7-CFE3-1D94-CC7AAC55FF5C38E5.png\" \/>\n<meta name=\"twitter:card\" content=\"summary_large_image\" \/>\n<meta name=\"twitter:label1\" content=\"Dur\u00e9e de lecture estim\u00e9e\" \/>\n\t<meta name=\"twitter:data1\" content=\"3 minutes\" \/>\n<script type=\"application\/ld+json\" class=\"yoast-schema-graph\">{\"@context\":\"https:\/\/schema.org\",\"@graph\":[{\"@type\":\"WebPage\",\"@id\":\"https:\/\/sgvw.ch\/fr\/organisations-partenaires\/\",\"url\":\"https:\/\/sgvw.ch\/fr\/organisations-partenaires\/\",\"name\":\"Organisations partenaires | SGVW\",\"isPartOf\":{\"@id\":\"https:\/\/sgvw.ch\/fr\/#website\"},\"primaryImageOfPage\":{\"@id\":\"https:\/\/sgvw.ch\/fr\/organisations-partenaires\/#primaryimage\"},\"image\":{\"@id\":\"https:\/\/sgvw.ch\/fr\/organisations-partenaires\/#primaryimage\"},\"thumbnailUrl\":\"https:\/\/sgvw.ch\/wp-content\/uploads\/2025\/06\/AA91F8D7-CFE3-1D94-CC7AAC55FF5C38E5.png\",\"datePublished\":\"2023-05-04T11:53:54+00:00\",\"dateModified\":\"2026-01-13T13:11:25+00:00\",\"breadcrumb\":{\"@id\":\"https:\/\/sgvw.ch\/fr\/organisations-partenaires\/#breadcrumb\"},\"inLanguage\":\"fr-FR\",\"potentialAction\":[{\"@type\":\"ReadAction\",\"target\":[\"https:\/\/sgvw.ch\/fr\/organisations-partenaires\/\"]}]},{\"@type\":\"ImageObject\",\"inLanguage\":\"fr-FR\",\"@id\":\"https:\/\/sgvw.ch\/fr\/organisations-partenaires\/#primaryimage\",\"url\":\"https:\/\/sgvw.ch\/wp-content\/uploads\/2025\/06\/AA91F8D7-CFE3-1D94-CC7AAC55FF5C38E5.png\",\"contentUrl\":\"https:\/\/sgvw.ch\/wp-content\/uploads\/2025\/06\/AA91F8D7-CFE3-1D94-CC7AAC55FF5C38E5.png\"},{\"@type\":\"BreadcrumbList\",\"@id\":\"https:\/\/sgvw.ch\/fr\/organisations-partenaires\/#breadcrumb\",\"itemListElement\":[{\"@type\":\"ListItem\",\"position\":1,\"name\":\"Home\",\"item\":\"https:\/\/sgvw.ch\/fr\/\"},{\"@type\":\"ListItem\",\"position\":2,\"name\":\"Organisations partenaires\"}]},{\"@type\":\"WebSite\",\"@id\":\"https:\/\/sgvw.ch\/fr\/#website\",\"url\":\"https:\/\/sgvw.ch\/fr\/\",\"name\":\"SGVW\",\"description\":\"Die Wissenplatform im \u00f6ffentlichen Sektor\",\"publisher\":{\"@id\":\"https:\/\/sgvw.ch\/fr\/#organization\"},\"potentialAction\":[{\"@type\":\"SearchAction\",\"target\":{\"@type\":\"EntryPoint\",\"urlTemplate\":\"https:\/\/sgvw.ch\/fr\/?s={search_term_string}\"},\"query-input\":\"required name=search_term_string\"}],\"inLanguage\":\"fr-FR\"},{\"@type\":\"Organization\",\"@id\":\"https:\/\/sgvw.ch\/fr\/#organization\",\"name\":\"SGVW-Die Wissensplattform im \u00f6ffentlichen Sektor\",\"url\":\"https:\/\/sgvw.ch\/fr\/\",\"logo\":{\"@type\":\"ImageObject\",\"inLanguage\":\"fr-FR\",\"@id\":\"https:\/\/sgvw.ch\/fr\/#\/schema\/logo\/image\/\",\"url\":\"https:\/\/sgvw.ch\/wp-content\/uploads\/2021\/12\/Bildschirmfoto-2021-12-23-um-17.40.00.png\",\"contentUrl\":\"https:\/\/sgvw.ch\/wp-content\/uploads\/2021\/12\/Bildschirmfoto-2021-12-23-um-17.40.00.png\",\"width\":376,\"height\":125,\"caption\":\"SGVW-Die Wissensplattform im \u00f6ffentlichen Sektor\"},\"image\":{\"@id\":\"https:\/\/sgvw.ch\/fr\/#\/schema\/logo\/image\/\"}}]}<\/script>\n<!-- \/ Yoast SEO plugin. -->","yoast_head_json":{"title":"Organisations partenaires | SGVW","robots":{"index":"index","follow":"follow","max-snippet":"max-snippet:-1","max-image-preview":"max-image-preview:large","max-video-preview":"max-video-preview:-1"},"canonical":"https:\/\/sgvw.ch\/fr\/organisations-partenaires\/","og_locale":"fr_FR","og_type":"article","og_title":"Organisations partenaires | SGVW","og_description":"La Soci\u00e9t\u00e9 suisse des sciences administratives SSSA peut compter sur le pr\u00e9cieux soutien des partenaires suivants: Soutien principal: La SSSA est membre de l\u2019Acad\u00e9mie suisse des sciences humaines et sociales (ASSH) Co-partenaire de la SSSA: Institut de gestion administrative IVM de la ZHAW SML Partenaire de la conf\u00e9rence de la SSSA: KMPG Suisse Partenaire de [&hellip;]","og_url":"https:\/\/sgvw.ch\/fr\/organisations-partenaires\/","og_site_name":"SGVW","article_modified_time":"2026-01-13T13:11:25+00:00","og_image":[{"url":"https:\/\/sgvw.ch\/wp-content\/uploads\/2025\/06\/AA91F8D7-CFE3-1D94-CC7AAC55FF5C38E5.png"}],"twitter_card":"summary_large_image","twitter_misc":{"Dur\u00e9e de lecture estim\u00e9e":"3 minutes"},"schema":{"@context":"https:\/\/schema.org","@graph":[{"@type":"WebPage","@id":"https:\/\/sgvw.ch\/fr\/organisations-partenaires\/","url":"https:\/\/sgvw.ch\/fr\/organisations-partenaires\/","name":"Organisations partenaires | SGVW","isPartOf":{"@id":"https:\/\/sgvw.ch\/fr\/#website"},"primaryImageOfPage":{"@id":"https:\/\/sgvw.ch\/fr\/organisations-partenaires\/#primaryimage"},"image":{"@id":"https:\/\/sgvw.ch\/fr\/organisations-partenaires\/#primaryimage"},"thumbnailUrl":"https:\/\/sgvw.ch\/wp-content\/uploads\/2025\/06\/AA91F8D7-CFE3-1D94-CC7AAC55FF5C38E5.png","datePublished":"2023-05-04T11:53:54+00:00","dateModified":"2026-01-13T13:11:25+00:00","breadcrumb":{"@id":"https:\/\/sgvw.ch\/fr\/organisations-partenaires\/#breadcrumb"},"inLanguage":"fr-FR","potentialAction":[{"@type":"ReadAction","target":["https:\/\/sgvw.ch\/fr\/organisations-partenaires\/"]}]},{"@type":"ImageObject","inLanguage":"fr-FR","@id":"https:\/\/sgvw.ch\/fr\/organisations-partenaires\/#primaryimage","url":"https:\/\/sgvw.ch\/wp-content\/uploads\/2025\/06\/AA91F8D7-CFE3-1D94-CC7AAC55FF5C38E5.png","contentUrl":"https:\/\/sgvw.ch\/wp-content\/uploads\/2025\/06\/AA91F8D7-CFE3-1D94-CC7AAC55FF5C38E5.png"},{"@type":"BreadcrumbList","@id":"https:\/\/sgvw.ch\/fr\/organisations-partenaires\/#breadcrumb","itemListElement":[{"@type":"ListItem","position":1,"name":"Home","item":"https:\/\/sgvw.ch\/fr\/"},{"@type":"ListItem","position":2,"name":"Organisations partenaires"}]},{"@type":"WebSite","@id":"https:\/\/sgvw.ch\/fr\/#website","url":"https:\/\/sgvw.ch\/fr\/","name":"SGVW","description":"Die Wissenplatform im \u00f6ffentlichen Sektor","publisher":{"@id":"https:\/\/sgvw.ch\/fr\/#organization"},"potentialAction":[{"@type":"SearchAction","target":{"@type":"EntryPoint","urlTemplate":"https:\/\/sgvw.ch\/fr\/?s={search_term_string}"},"query-input":"required name=search_term_string"}],"inLanguage":"fr-FR"},{"@type":"Organization","@id":"https:\/\/sgvw.ch\/fr\/#organization","name":"SGVW-Die Wissensplattform im \u00f6ffentlichen Sektor","url":"https:\/\/sgvw.ch\/fr\/","logo":{"@type":"ImageObject","inLanguage":"fr-FR","@id":"https:\/\/sgvw.ch\/fr\/#\/schema\/logo\/image\/","url":"https:\/\/sgvw.ch\/wp-content\/uploads\/2021\/12\/Bildschirmfoto-2021-12-23-um-17.40.00.png","contentUrl":"https:\/\/sgvw.ch\/wp-content\/uploads\/2021\/12\/Bildschirmfoto-2021-12-23-um-17.40.00.png","width":376,"height":125,"caption":"SGVW-Die Wissensplattform im \u00f6ffentlichen Sektor"},"image":{"@id":"https:\/\/sgvw.ch\/fr\/#\/schema\/logo\/image\/"}}]}},"_links":{"self":[{"href":"https:\/\/sgvw.ch\/fr\/wp-json\/wp\/v2\/pages\/2663"}],"collection":[{"href":"https:\/\/sgvw.ch\/fr\/wp-json\/wp\/v2\/pages"}],"about":[{"href":"https:\/\/sgvw.ch\/fr\/wp-json\/wp\/v2\/types\/page"}],"author":[{"embeddable":true,"href":"https:\/\/sgvw.ch\/fr\/wp-json\/wp\/v2\/users\/1"}],"replies":[{"embeddable":true,"href":"https:\/\/sgvw.ch\/fr\/wp-json\/wp\/v2\/comments?post=2663"}],"version-history":[{"count":17,"href":"https:\/\/sgvw.ch\/fr\/wp-json\/wp\/v2\/pages\/2663\/revisions"}],"predecessor-version":[{"id":4353,"href":"https:\/\/sgvw.ch\/fr\/wp-json\/wp\/v2\/pages\/2663\/revisions\/4353"}],"wp:attachment":[{"href":"https:\/\/sgvw.ch\/fr\/wp-json\/wp\/v2\/media?parent=2663"}],"curies":[{"name":"wp","href":"https:\/\/api.w.org\/{rel}","templated":true}]}}