{"id":4240,"date":"2025-10-21T15:29:56","date_gmt":"2025-10-21T13:29:56","guid":{"rendered":"https:\/\/sgvw.ch\/?page_id=4240"},"modified":"2025-10-21T15:29:57","modified_gmt":"2025-10-21T13:29:57","slug":"statuts","status":"publish","type":"page","link":"https:\/\/sgvw.ch\/fr\/statuts\/","title":{"rendered":"Statuts"},"content":{"rendered":"\n<p>Die Statuten bilden das fundamentale Regelwerk, das die Grunds\u00e4tze, Ziele und die organisatorische Struktur der SGVW festlegt. Sie dienen als Leitfaden f\u00fcr unsere Mitglieder und Interessenten und stellen sicher, dass unser Handeln stets im Einklang mit unseren Werten und Zielen steht.<\/p>\n\n\n\n<p>In den folgenden Abschnitten finden Sie detaillierte Informationen zu den Rechten und Pflichten der Mitglieder, den Aufgaben des Vorstands, den Abl\u00e4ufen bei Mitgliederversammlungen und vielen weiteren wichtigen Aspekten unserer Vereinsarbeit.<\/p>\n\n\n\n<p>Wir laden Sie ein, sich eingehend mit unseren Statuten vertraut zu machen. Bei Fragen oder Anmerkungen stehen wir Ihnen gerne zur Verf\u00fcgung.<\/p>\n\n\n\n<div style=\"height:60px\" aria-hidden=\"true\" class=\"wp-block-spacer\"><\/div>\n\n\n\n<h2 class=\"wp-block-heading\"><strong>Statuten der Schweizerischen Gesellschaft f\u00fcr Verwaltungswissenschaften<\/strong><\/h2>\n\n\n\n<div style=\"height:40px\" aria-hidden=\"true\" class=\"wp-block-spacer\"><\/div>\n\n\n\n<p><strong>V<\/strong><strong>om 24. Juni 2004; Stand 22. Mai 2023<\/strong><\/p>\n\n\n\n<div style=\"height:40px\" aria-hidden=\"true\" class=\"wp-block-spacer\"><\/div>\n\n\n\n<h4 class=\"wp-block-heading\"><strong><em>1 NAME, SITZ UND ZWECK<\/em><\/strong><\/h4>\n\n\n\n<div style=\"height:25px\" aria-hidden=\"true\" class=\"wp-block-spacer\"><\/div>\n\n\n\n<h5 class=\"wp-block-heading\"><strong>Art. 1 Name und Sitz<\/strong><strong><\/strong><\/h5>\n\n\n\n<p>Unter dem Namen Schweizerische Gesellschaft f\u00fcr Verwaltungswissenschaften (SGVW) besteht ein Verein im Sinne von Art. 60ff ZGB.<\/p>\n\n\n\n<p>Der Verein ist eine Sektion des internationalen Instituts f\u00fcr Verwaltungswissenschaften (IISA) in Br\u00fcssel.<\/p>\n\n\n\n<p>\u00dcber den Sitz des Vereins entscheidet der Vorstand.<\/p>\n\n\n\n<div style=\"height:25px\" aria-hidden=\"true\" class=\"wp-block-spacer\"><\/div>\n\n\n\n<p><strong>Art. 2 Zweck<\/strong><strong><\/strong><\/p>\n\n\n\n<p>Zweck des Vereins ist es, die Verwaltungswissenschaften in Lehre und Forschung zu unterst\u00fctzen und die internationale Zusammenarbeit sowie den Erfahrungsaustausch zwischen Wissenschaft und Praxis zu pflegen. Der Verein soll ein Bindeglied zwischen den staatlichen Ebenen \u2013 Gemeinden, Kantone, Bund \u2013 und den Sprachregionen der Schweiz sein, sowie ein vertrauensbildendes Forum, welches f\u00fcr VertreterInnen aus Politik, Verwaltung und Gesellschaft einen f\u00fchrenden Meinungsaustausch zur Gestaltung der Zukunft f\u00f6rdert.<\/p>\n\n\n\n<div style=\"height:25px\" aria-hidden=\"true\" class=\"wp-block-spacer\"><\/div>\n\n\n\n<p><strong>Art. 3 T\u00e4tigkeiten<\/strong><strong><\/strong><\/p>\n\n\n\n<p>Zur Erreichung seiner Zielsetzungen kann der Verein insbesondere folgende Aktivit\u00e4ten entfalten:<\/p>\n\n\n\n<ul>\n<li>Durchf\u00fchrung wissenschaftlicher Tagungen<\/li>\n\n\n\n<li>Beteiligung an internationalen Kongressen f\u00fcr Verwaltungswissenschaften<\/li>\n\n\n\n<li>F\u00fchren eines Wissensportals<\/li>\n\n\n\n<li>Mitwirkung in wissenschaftlichen Arbeitsgruppen<\/li>\n\n\n\n<li>Bildung von Arbeitskreisen mit konkreten Forschungsprojekten<\/li>\n\n\n\n<li>Erarbeitung praktischer Analysen und Stellungnahmen zu aktuellen Problemen<\/li>\n\n\n\n<li>Ver\u00f6ffentlichung von periodischen Mitteilungen<\/li>\n\n\n\n<li>F\u00f6rdern von Publikationen zu verwaltungswissenschaftlichen Themen<\/li>\n\n\n\n<li>Information \u00fcber und Vermittlung von Seminaren zur Weiterbildung im \u00f6ffentlichen Bereich<\/li>\n\n\n\n<li>F\u00f6rderung gemeinsamer Belange in der Aus- und Weiterbildung in der \u00f6ffentlichen Verwaltung<\/li>\n\n\n\n<li>Zusammenarbeit mit Vereinigungen, die \u00e4hnliche Ziele verfolgen.<\/li>\n<\/ul>\n\n\n\n<p>Das Vereinsjahr ist das Kalenderjahr<\/p>\n\n\n\n<div style=\"height:40px\" aria-hidden=\"true\" class=\"wp-block-spacer\"><\/div>\n\n\n\n<h4 class=\"wp-block-heading\"><strong><em>2 Mitgliedschaft<\/em><\/strong><\/h4>\n\n\n\n<div style=\"height:25px\" aria-hidden=\"true\" class=\"wp-block-spacer\"><\/div>\n\n\n\n<p><strong>Art. 4 Mitgliedschaft und Beitragspflicht<\/strong><strong><\/strong><\/p>\n\n\n\n<p>Die Mitgliedschaft steht allen an Fragen der \u00f6ffentlichen Verwaltung interessierten Personen und Organisationen offen, welche die Ziele der Gesellschaft anerkennen und sie zu f\u00f6rdern bereit sind. Es gibt Einzel-, Kollektiv-, G\u00f6nner- und Ehrenmitglieder.<\/p>\n\n\n\n<p>Die Mitglieder haben einen j\u00e4hrlichen Mitgliederbeitrag zu entrichten.<\/p>\n\n\n\n<p>Ehrenmitglieder sind von der Beitragspflicht ausgenommen.<\/p>\n\n\n\n<p>Studierende sind von der Beitragspflicht w\u00e4hrend des Studiums ausgenommen. Die Gesch\u00e4ftsstelle fordert j\u00e4hrlich den aktuellen Studentenausweis ein. Die Studierenden profitieren von verg\u00fcnstigten Tagungsbeitr\u00e4gen.<\/p>\n\n\n\n<div style=\"height:25px\" aria-hidden=\"true\" class=\"wp-block-spacer\"><\/div>\n\n\n\n<p><strong>Art. 5 Beitritt und Austritt<\/strong><strong><\/strong><\/p>\n\n\n\n<p>Die Aufnahmebegehren sind schriftlich beim Sekretariat einzureichen. Die Aufnahme kann jederzeit erfolgen. \u00dcber die Aufnahme entscheidet der Vorstand.<\/p>\n\n\n\n<p>Abgewiesene Gesuchsteller haben ein Rekursrecht an die Generalversammlung. Rekursbegehren sind innert 30 Tagen nach Erhalt der Aufnahmeverweigerung mit eingeschriebenem Brief an die Gesch\u00e4ftsstelle der SGVW zu richten.<\/p>\n\n\n\n<p>Der Austritt aus der Gesellschaft erfolgt mittels Schreiben an die Gesch\u00e4ftsstelle vor Ablauf des Vereinsjahres.<\/p>\n\n\n\n<p>Die austretenden Mitglieder sind f\u00fcr ausstehende Jahresbeitr\u00e4ge haftbar. Mit dem Austritt erlischt jeder Anspruch auf das Vereinsverm\u00f6gen.<\/p>\n\n\n\n<div style=\"height:25px\" aria-hidden=\"true\" class=\"wp-block-spacer\"><\/div>\n\n\n\n<p><strong>Art. 6 Ausschluss und Erl\u00f6schen der Mitgliedschaft<\/strong><strong><\/strong><\/p>\n\n\n\n<p>Mitglieder, deren Verhalten mit dem Zweck und den Zielsetzungen des Vereins im Widerspruch steht, k\u00f6nnen durch den Vorstand ausgeschlossen werden. Sie haben ein Rekursrecht an die Generalversammlung unter Beachtung einer Frist von 30 Tagen.<\/p>\n\n\n\n<p>Die Mitgliedschaft erlischt automatisch, wenn die geschuldeten Mitgliederbeitr\u00e4ge trotz zweimaliger eingeschriebener Mahnung nicht bezahlt wurden.<\/p>\n\n\n\n<div style=\"height:40px\" aria-hidden=\"true\" class=\"wp-block-spacer\"><\/div>\n\n\n\n<h4 class=\"wp-block-heading\"><strong><em>3 ORGANISATION<\/em><\/strong><\/h4>\n\n\n\n<div style=\"height:25px\" aria-hidden=\"true\" class=\"wp-block-spacer\"><\/div>\n\n\n\n<p><strong>Art. 7 Organe<\/strong><strong><\/strong><\/p>\n\n\n\n<div style=\"height:25px\" aria-hidden=\"true\" class=\"wp-block-spacer\"><\/div>\n\n\n\n<p>Die Organe des Vereins sind:<\/p>\n\n\n\n<ul>\n<li>die Generalversammlung<\/li>\n\n\n\n<li>der Vorstand<\/li>\n\n\n\n<li>der\/die Pr\u00e4sidentIn<\/li>\n\n\n\n<li>der\/die Generalsekret\u00e4rIn<\/li>\n\n\n\n<li>die Rechnungsrevisoren.<\/li>\n<\/ul>\n\n\n\n<div style=\"height:25px\" aria-hidden=\"true\" class=\"wp-block-spacer\"><\/div>\n\n\n\n<p><strong>Art. 8 Generalversammlung<\/strong><strong><\/strong><\/p>\n\n\n\n<p>Die Gesellschaft h\u00e4lt j\u00e4hrlich eine ordentliche Generalversammlung ab. Sofern die Vereinsgesch\u00e4fte dies erfordern, kann das Pr\u00e4sidium, der Vorstand oder mindestens ein F\u00fcnftel der Mitgliedschaft eine ausserordentliche Generalversammlung einberufen.<\/p>\n\n\n\n<p>Das Datum einer Generalversammlung muss den Mitgliedern durch den Vorstand vier Wochen im Voraus, bekannt gegeben werden. Bei ausserordentlichen Generalversammlungen betr\u00e4gt die Frist drei Wochen.<\/p>\n\n\n\n<p>Der Vorstand l\u00e4dt zur Generalversammlung ein und unterbreitet allf\u00e4llige Vorschl\u00e4ge und Antr\u00e4ge von Mitgliedern mit der Einladung.<\/p>\n\n\n\n<p>Der\/die Pr\u00e4sidentIn oder der\/die Generalsekret\u00e4rIn leitet die Generalversammlung.<\/p>\n\n\n\n<p>Die Generalversammlung kann in begr\u00fcndeten F\u00e4llen auch online durchgef\u00fchrt werden.<\/p>\n\n\n\n<div style=\"height:25px\" aria-hidden=\"true\" class=\"wp-block-spacer\"><\/div>\n\n\n\n<p><strong>Art. 9 Aufgaben der Generalversammlung<\/strong><strong><\/strong><\/p>\n\n\n\n<p>Der ordentlichen Generalversammlung ist die Beschlussfassung \u00fcber folgende Gesch\u00e4fte vorbehalten:<\/p>\n\n\n\n<ul>\n<li>Genehmigung des Jahresberichtes des Vorstandes<\/li>\n\n\n\n<li>Genehmigung der Vereinsrechnung und Kenntnisnahme des Berichtes der Rechnungsrevisoren<\/li>\n\n\n\n<li>Entlastung des Vorstandes<\/li>\n\n\n\n<li>Genehmigung des Budgets und Festsetzung des Jahresbeitrages<\/li>\n\n\n\n<li>Ernennung von Ehrenmitgliedern<\/li>\n\n\n\n<li>Wahl des\/der Pr\u00e4sidentIn und des Vorstandes gem\u00e4ss Art. 12<\/li>\n\n\n\n<li>Wahl der Rechnungsrevisoren<\/li>\n\n\n\n<li>Statuten\u00e4nderungen<\/li>\n\n\n\n<li>Beschlussfassung \u00fcber die der Generalversammlung vom Vorstand vorgelegten Gesch\u00e4fte<\/li>\n\n\n\n<li>Schaffung und Verwendung von Fonds<\/li>\n\n\n\n<li>Aufl\u00f6sung des Vereins.<\/li>\n<\/ul>\n\n\n\n<div style=\"height:25px\" aria-hidden=\"true\" class=\"wp-block-spacer\"><\/div>\n\n\n\n<p><strong>Art. 10 Beschlussfassung<\/strong><strong><\/strong><\/p>\n\n\n\n<p>Jedes Mitglied hat eine Stimme. Eine Stellvertretung ist nicht m\u00f6glich. Die Mitglieder des Vorstandes sind ebenfalls stimmberechtigt, ausgenommen bei Wahl des eigenen Organs sowie Entlastung desselben.<\/p>\n\n\n\n<p>Die Kollektivmitglieder sowie die G\u00f6nnermitglieder bezeichnen eine\/n stimmberechtigte\/n Delegierte\/n. Der Stichentscheid steht in allen F\u00e4llen dem\/r Leiter\/in der Generalversammlung zu.<\/p>\n\n\n\n<p>Bei Abstimmungen und Wahlen entscheidet das einfache Mehr der g\u00fcltig abgegebenen Stimmen.<\/p>\n\n\n\n<p>Beschl\u00fcsse betreffend Statuten\u00e4nderungen bed\u00fcrfen zu ihrer G\u00fcltigkeit der Zustimmung von zwei Dritteln der anwesenden Stimmberechtigten. Das Gleiche gilt bei einem Antrag auf Aufl\u00f6sung der Gesellschaft. Bei einer Aufl\u00f6sung der Gesellschaft ist auch \u00fcber die Verwendung eines allf\u00e4lligen Aktivsaldos mit Zweidrittelmehrheit zu beschliessen.<\/p>\n\n\n\n<p>\u00dcber den Verlauf der Generalversammlung wird ein Beschlussprotokoll gef\u00fchrt, das der n\u00e4chsten Generalversammlung zu unterbreiten ist.<\/p>\n\n\n\n<div style=\"height:25px\" aria-hidden=\"true\" class=\"wp-block-spacer\"><\/div>\n\n\n\n<p><strong>Art. 11 Pr\u00e4sidium<\/strong><strong><\/strong><\/p>\n\n\n\n<p>Der\/die Pr\u00e4sidentIn vertritt die Gesellschaft nach Absprache mit dem Vorstand.<\/p>\n\n\n\n<div style=\"height:25px\" aria-hidden=\"true\" class=\"wp-block-spacer\"><\/div>\n\n\n\n<p><strong>Art. 12 Vorstand, Vorstandsausschuss<\/strong><strong><\/strong><\/p>\n\n\n\n<p>Die Vorstandsmitglieder werden von der Generalversammlung f\u00fcr eine Dauer auf vier Jahre gew\u00e4hlt. Die Wahl bzw. Wiederwahl setzen die Pflicht zur aktiven Mitwirkung voraus. Im \u00dcbrigen konstituiert sich der Vorstand selbst.<\/p>\n\n\n\n<p>Der Vorstand besteht aus dem\/der Generalsekret\u00e4rIn, zwei stellvertretenden Generalsekret\u00e4rInnen sowie weiteren Mitgliedern.<\/p>\n\n\n\n<p>Die Beschlussfassung im Vorstand erfolgt durch einfaches Mehr der Anwesenden.<\/p>\n\n\n\n<p>Unter dem Vereinsjahr kann sich der Vorstand durch Kooptation weiterer Mitglieder erg\u00e4nzen.<\/p>\n\n\n\n<p>Der\/die Generalsekret\u00e4rIn und die beiden stellvertretenden Generalsekret\u00e4rInnen bilden den Ausschuss.<\/p>\n\n\n\n<p>Das f\u00fcr das Ressort Finanzen zust\u00e4ndige Vorstandsmitglied ist von Amtes wegen eine\/r der stellvertretenden Generalsekret\u00e4reInnen.<\/p>\n\n\n\n<div style=\"height:25px\" aria-hidden=\"true\" class=\"wp-block-spacer\"><\/div>\n\n\n\n<p><strong>Art. 13 Aufgaben und Kompetenzen des Vorstandes und des Ausschusses<\/strong><strong><\/strong><\/p>\n\n\n\n<p>Der Vorstand behandelt alle Gesch\u00e4fte des Vereins, soweit diese gem\u00e4ss Statuten nicht der Generalversammlung \u00fcbertragen sind. Er vertritt nach Absprache mit dem\/der Pr\u00e4sidentIn die Gesellschaft nach aussen und besorgt den Verkehr mit den Beh\u00f6rden und anderen Organisationen.<\/p>\n\n\n\n<p>Im Einzelnen hat der Vorstand insbesondere folgende Aufgaben:<\/p>\n\n\n\n<ul>\n<li>Wahl des\/der Generalsekret\u00e4rIn<\/li>\n\n\n\n<li>Ressortverteilung im Vorstand<\/li>\n\n\n\n<li>Festlegung des Jahresprogramms und der mittelfristigen Tagungsplanung<\/li>\n\n\n\n<li>F\u00fchrung des Wissensportals der Gesellschaft (www.sgvw.ch)<\/li>\n\n\n\n<li>Wahrnehmung der Interessen der Eidgenossenschaft und der SGVW im internationalen T\u00e4tigkeitsbereich<\/li>\n\n\n\n<li>Handhabung der Statuten und Reglemente des Vereins und Durchf\u00fchrung der Beschl\u00fcsse der Generalversammlung<\/li>\n\n\n\n<li>Einberufung der Generalversammlung<\/li>\n\n\n\n<li>J\u00e4hrliche Berichterstattung \u00fcber die Vereinst\u00e4tigkeit, die Vereinsrechnung und das Vereinsverm\u00f6gen<\/li>\n\n\n\n<li>Festsetzung von Entsch\u00e4digungen.<\/li>\n\n\n\n<li>Der Vorstand erl\u00e4sst ein Finanzreglement. Dieses regelt die Limiten f\u00fcr Ausgabenbeschl\u00fcsse und die Visumspflicht.<\/li>\n<\/ul>\n\n\n\n<p>Der Ausschuss bereitet die Vorstandsgesch\u00e4fte vor und erledigt die operativen Aufgaben der Gesellschaft.<\/p>\n\n\n\n<p>Dem Ausschuss obliegt die F\u00fchrung der und die Aufsicht \u00fcber die Gesch\u00e4ftsstelle der SGVW. Er schliesst dazu einen entsprechenden Dienstleistungsvertrag ab.<\/p>\n\n\n\n<div style=\"height:25px\" aria-hidden=\"true\" class=\"wp-block-spacer\"><\/div>\n\n\n\n<p><strong>Art. 14 Generalsekret\u00e4r \/ Generalsekret\u00e4rin<\/strong><strong><\/strong><\/p>\n\n\n\n<p>Der\/die Generalsekret\u00e4rIn wird aus dem Kreis der Vorstandsmitglieder durch den Vorstand gew\u00e4hlt.<\/p>\n\n\n\n<p>Er\/sie leitet den Vorstand und den Ausschuss und vertritt die Gesellschaft nach Absprache mit dem Vorstand.<\/p>\n\n\n\n<div style=\"height:25px\" aria-hidden=\"true\" class=\"wp-block-spacer\"><\/div>\n\n\n\n<p><strong>Art. 15 Gesch\u00e4ftsstelle der SGVW<\/strong><strong><\/strong><\/p>\n\n\n\n<p>Die Gesch\u00e4ftsstelle f\u00fchrt die operativen Gesch\u00e4fte des Vereins nach Massgabe des Dienstleistungsvertrages.<\/p>\n\n\n\n<p>Dieser regelt im Besonderen:<\/p>\n\n\n\n<ul>\n<li>Sekretariat der Gesellschaft und deren Organe<\/li>\n\n\n\n<li>Organisation der SGVW-Tagungen und der Generalversammlung<\/li>\n\n\n\n<li>Betreuung der SGVW-Mitglieder und F\u00fchrung des Mitgliederverzeichnisses<\/li>\n\n\n\n<li>Administration der Schriftenreihe<\/li>\n\n\n\n<li>Verantwortlichkeit im Bereich des Wissensportals<\/li>\n\n\n\n<li>Rechnungsf\u00fchrung des Vereins.<\/li>\n<\/ul>\n\n\n\n<p>Die Gesch\u00e4ftsstelle ist dem Vorstandsausschuss verantwortlich.<\/p>\n\n\n\n<div style=\"height:25px\" aria-hidden=\"true\" class=\"wp-block-spacer\"><\/div>\n\n\n\n<p><strong>Art. 16 Wissensportal (www.sgvw.ch)<\/strong><strong><\/strong><\/p>\n\n\n\n<p>Der Vorstand betreibt ein Wissensportal \u00fcber Entwicklungen im \u00f6ffentlichen Sektor. Er legt die organisatorischen und administrativen Angelegenheiten in einem Reglement fest.<\/p>\n\n\n\n<div style=\"height:25px\" aria-hidden=\"true\" class=\"wp-block-spacer\"><\/div>\n\n\n\n<p><strong>Art. 17 Rechnungsrevisoren<\/strong><strong><\/strong><\/p>\n\n\n\n<p>Die Pr\u00fcfung der Rechnungsf\u00fchrung des Vereins und allf\u00e4lliger Fonds wird von h\u00f6chstens zwei RevisorInnen vorgenommen. Dessen\/deren Wahl erfolgt durch die Generalversammlung.<\/p>\n\n\n\n<div style=\"height:25px\" aria-hidden=\"true\" class=\"wp-block-spacer\"><\/div>\n\n\n\n<p><strong>Art. 18 Unterschriftenregelung<\/strong><strong><\/strong><\/p>\n\n\n\n<p>Der\/die Pr\u00e4sidentIn, der\/die Generalsekret\u00e4rIn und die stellvertretenden Generalsekret\u00e4rInnen sind unterschriftsberechtigt. Der Vorstandsausschuss bestimmt die Unterschriftsberechtigung der Gesch\u00e4ftsstelle. Das Finanzreglement regelt die Visumspflicht f\u00fcr Rechnungen.<\/p>\n\n\n\n<div style=\"height:40px\" aria-hidden=\"true\" class=\"wp-block-spacer\"><\/div>\n\n\n\n<h4 class=\"wp-block-heading\"><strong><em>4 FINANZIELLE MITTEL<\/em><\/strong><\/h4>\n\n\n\n<div style=\"height:25px\" aria-hidden=\"true\" class=\"wp-block-spacer\"><\/div>\n\n\n\n<p><strong>Art. 19 Finanzierung<\/strong><strong><\/strong><\/p>\n\n\n\n<div style=\"height:25px\" aria-hidden=\"true\" class=\"wp-block-spacer\"><\/div>\n\n\n\n<p>Die Einnahmen der Gesellschaft bestehen aus:<\/p>\n\n\n\n<ul>\n<li>Mitgliederbeitr\u00e4gen<\/li>\n\n\n\n<li>Ertr\u00e4gen aus Gesellschaftsaktivit\u00e4ten<\/li>\n\n\n\n<li>Zuwendungen Dritter<\/li>\n\n\n\n<li>Zinsen des Gesellschaftsverm\u00f6gens.<\/li>\n<\/ul>\n\n\n\n<p>Die Mitgliederbeitr\u00e4ge werden durch die Generalversammlung festgelegt. Es gilt das einfache Mehr der Anwesenden<\/p>\n\n\n\n<div style=\"height:25px\" aria-hidden=\"true\" class=\"wp-block-spacer\"><\/div>\n\n\n\n<p><strong>Art. 20 Haftung<\/strong><strong><\/strong><\/p>\n\n\n\n<p>F\u00fcr die Verbindlichkeiten der Gesellschaft haftet ausschliesslich ihr Verm\u00f6gen. Jede pers\u00f6nliche Haftbarkeit des Vorstandes und der Mitglieder ist ausgeschlossen.<\/p>\n\n\n\n<div style=\"height:25px\" aria-hidden=\"true\" class=\"wp-block-spacer\"><\/div>\n\n\n\n<p><strong>Art. 21 Fusion\/Aufl\u00f6sung <\/strong><strong><\/strong><\/p>\n\n\n\n<p>Eine Fusion kann nur mit einer anderen wegen Gemeinn\u00fctzigkeit oder \u00f6ffentlichen Zwecks von der Steuerpflicht befreiten juristischen Person mit Sitz in der Schweiz erfolgen.<\/p>\n\n\n\n<p>Im Falle einer Aufl\u00f6sung werden Gewinn und Kapital einer anderen wegen Gemeinn\u00fctzigkeit oder \u00f6ffentlichen Zwecks steuerbefreiten juristischen Person mit Sitz in der Schweiz zugewendet.<\/p>\n","protected":false},"excerpt":{"rendered":"<p>Die Statuten bilden das fundamentale Regelwerk, das die Grunds\u00e4tze, Ziele und die organisatorische Struktur der SGVW festlegt. Sie dienen als Leitfaden f\u00fcr unsere Mitglieder und Interessenten und stellen sicher, dass unser Handeln stets im Einklang mit unseren Werten und Zielen steht. In den folgenden Abschnitten finden Sie detaillierte Informationen zu den Rechten und Pflichten der [&hellip;]<\/p>\n","protected":false},"author":4,"featured_media":0,"parent":0,"menu_order":0,"comment_status":"closed","ping_status":"closed","template":"","meta":{"_acf_changed":false,"inline_featured_image":false,"footnotes":""},"acf":[],"yoast_head":"<!-- This site is optimized with the Yoast SEO plugin v22.8 - https:\/\/yoast.com\/wordpress\/plugins\/seo\/ -->\n<title>Statuts | SGVW<\/title>\n<meta name=\"robots\" content=\"index, follow, max-snippet:-1, max-image-preview:large, max-video-preview:-1\" \/>\n<link rel=\"canonical\" href=\"https:\/\/sgvw.ch\/fr\/statuts\/\" \/>\n<meta property=\"og:locale\" content=\"fr_FR\" \/>\n<meta property=\"og:type\" content=\"article\" \/>\n<meta property=\"og:title\" content=\"Statuts | SGVW\" \/>\n<meta property=\"og:description\" content=\"Die Statuten bilden das fundamentale Regelwerk, das die Grunds\u00e4tze, Ziele und die organisatorische Struktur der SGVW festlegt. Sie dienen als Leitfaden f\u00fcr unsere Mitglieder und Interessenten und stellen sicher, dass unser Handeln stets im Einklang mit unseren Werten und Zielen steht. In den folgenden Abschnitten finden Sie detaillierte Informationen zu den Rechten und Pflichten der [&hellip;]\" \/>\n<meta property=\"og:url\" content=\"https:\/\/sgvw.ch\/fr\/statuts\/\" \/>\n<meta property=\"og:site_name\" content=\"SGVW\" \/>\n<meta property=\"article:modified_time\" content=\"2025-10-21T13:29:57+00:00\" \/>\n<meta property=\"og:image\" content=\"https:\/\/sgvw.ch\/wp-content\/uploads\/2022\/01\/preview_sgvw.png\" \/>\n\t<meta property=\"og:image:width\" content=\"2500\" \/>\n\t<meta property=\"og:image:height\" content=\"2500\" \/>\n\t<meta property=\"og:image:type\" content=\"image\/png\" \/>\n<meta name=\"twitter:card\" content=\"summary_large_image\" \/>\n<meta name=\"twitter:label1\" content=\"Dur\u00e9e de lecture estim\u00e9e\" \/>\n\t<meta name=\"twitter:data1\" content=\"8 minutes\" \/>\n<script type=\"application\/ld+json\" class=\"yoast-schema-graph\">{\"@context\":\"https:\/\/schema.org\",\"@graph\":[{\"@type\":\"WebPage\",\"@id\":\"https:\/\/sgvw.ch\/fr\/statuts\/\",\"url\":\"https:\/\/sgvw.ch\/fr\/statuts\/\",\"name\":\"Statuts | SGVW\",\"isPartOf\":{\"@id\":\"https:\/\/sgvw.ch\/fr\/#website\"},\"datePublished\":\"2025-10-21T13:29:56+00:00\",\"dateModified\":\"2025-10-21T13:29:57+00:00\",\"breadcrumb\":{\"@id\":\"https:\/\/sgvw.ch\/fr\/statuts\/#breadcrumb\"},\"inLanguage\":\"fr-FR\",\"potentialAction\":[{\"@type\":\"ReadAction\",\"target\":[\"https:\/\/sgvw.ch\/fr\/statuts\/\"]}]},{\"@type\":\"BreadcrumbList\",\"@id\":\"https:\/\/sgvw.ch\/fr\/statuts\/#breadcrumb\",\"itemListElement\":[{\"@type\":\"ListItem\",\"position\":1,\"name\":\"Home\",\"item\":\"https:\/\/sgvw.ch\/fr\/\"},{\"@type\":\"ListItem\",\"position\":2,\"name\":\"Statuts\"}]},{\"@type\":\"WebSite\",\"@id\":\"https:\/\/sgvw.ch\/fr\/#website\",\"url\":\"https:\/\/sgvw.ch\/fr\/\",\"name\":\"SGVW\",\"description\":\"Die Wissenplatform im \u00f6ffentlichen Sektor\",\"publisher\":{\"@id\":\"https:\/\/sgvw.ch\/fr\/#organization\"},\"potentialAction\":[{\"@type\":\"SearchAction\",\"target\":{\"@type\":\"EntryPoint\",\"urlTemplate\":\"https:\/\/sgvw.ch\/fr\/?s={search_term_string}\"},\"query-input\":\"required name=search_term_string\"}],\"inLanguage\":\"fr-FR\"},{\"@type\":\"Organization\",\"@id\":\"https:\/\/sgvw.ch\/fr\/#organization\",\"name\":\"SGVW-Die Wissensplattform im \u00f6ffentlichen Sektor\",\"url\":\"https:\/\/sgvw.ch\/fr\/\",\"logo\":{\"@type\":\"ImageObject\",\"inLanguage\":\"fr-FR\",\"@id\":\"https:\/\/sgvw.ch\/fr\/#\/schema\/logo\/image\/\",\"url\":\"https:\/\/sgvw.ch\/wp-content\/uploads\/2021\/12\/Bildschirmfoto-2021-12-23-um-17.40.00.png\",\"contentUrl\":\"https:\/\/sgvw.ch\/wp-content\/uploads\/2021\/12\/Bildschirmfoto-2021-12-23-um-17.40.00.png\",\"width\":376,\"height\":125,\"caption\":\"SGVW-Die Wissensplattform im \u00f6ffentlichen Sektor\"},\"image\":{\"@id\":\"https:\/\/sgvw.ch\/fr\/#\/schema\/logo\/image\/\"}}]}<\/script>\n<!-- \/ Yoast SEO plugin. -->","yoast_head_json":{"title":"Statuts | SGVW","robots":{"index":"index","follow":"follow","max-snippet":"max-snippet:-1","max-image-preview":"max-image-preview:large","max-video-preview":"max-video-preview:-1"},"canonical":"https:\/\/sgvw.ch\/fr\/statuts\/","og_locale":"fr_FR","og_type":"article","og_title":"Statuts | SGVW","og_description":"Die Statuten bilden das fundamentale Regelwerk, das die Grunds\u00e4tze, Ziele und die organisatorische Struktur der SGVW festlegt. Sie dienen als Leitfaden f\u00fcr unsere Mitglieder und Interessenten und stellen sicher, dass unser Handeln stets im Einklang mit unseren Werten und Zielen steht. In den folgenden Abschnitten finden Sie detaillierte Informationen zu den Rechten und Pflichten der [&hellip;]","og_url":"https:\/\/sgvw.ch\/fr\/statuts\/","og_site_name":"SGVW","article_modified_time":"2025-10-21T13:29:57+00:00","og_image":[{"width":2500,"height":2500,"url":"https:\/\/sgvw.ch\/wp-content\/uploads\/2022\/01\/preview_sgvw.png","type":"image\/png"}],"twitter_card":"summary_large_image","twitter_misc":{"Dur\u00e9e de lecture estim\u00e9e":"8 minutes"},"schema":{"@context":"https:\/\/schema.org","@graph":[{"@type":"WebPage","@id":"https:\/\/sgvw.ch\/fr\/statuts\/","url":"https:\/\/sgvw.ch\/fr\/statuts\/","name":"Statuts | SGVW","isPartOf":{"@id":"https:\/\/sgvw.ch\/fr\/#website"},"datePublished":"2025-10-21T13:29:56+00:00","dateModified":"2025-10-21T13:29:57+00:00","breadcrumb":{"@id":"https:\/\/sgvw.ch\/fr\/statuts\/#breadcrumb"},"inLanguage":"fr-FR","potentialAction":[{"@type":"ReadAction","target":["https:\/\/sgvw.ch\/fr\/statuts\/"]}]},{"@type":"BreadcrumbList","@id":"https:\/\/sgvw.ch\/fr\/statuts\/#breadcrumb","itemListElement":[{"@type":"ListItem","position":1,"name":"Home","item":"https:\/\/sgvw.ch\/fr\/"},{"@type":"ListItem","position":2,"name":"Statuts"}]},{"@type":"WebSite","@id":"https:\/\/sgvw.ch\/fr\/#website","url":"https:\/\/sgvw.ch\/fr\/","name":"SGVW","description":"Die Wissenplatform im \u00f6ffentlichen Sektor","publisher":{"@id":"https:\/\/sgvw.ch\/fr\/#organization"},"potentialAction":[{"@type":"SearchAction","target":{"@type":"EntryPoint","urlTemplate":"https:\/\/sgvw.ch\/fr\/?s={search_term_string}"},"query-input":"required name=search_term_string"}],"inLanguage":"fr-FR"},{"@type":"Organization","@id":"https:\/\/sgvw.ch\/fr\/#organization","name":"SGVW-Die Wissensplattform im \u00f6ffentlichen Sektor","url":"https:\/\/sgvw.ch\/fr\/","logo":{"@type":"ImageObject","inLanguage":"fr-FR","@id":"https:\/\/sgvw.ch\/fr\/#\/schema\/logo\/image\/","url":"https:\/\/sgvw.ch\/wp-content\/uploads\/2021\/12\/Bildschirmfoto-2021-12-23-um-17.40.00.png","contentUrl":"https:\/\/sgvw.ch\/wp-content\/uploads\/2021\/12\/Bildschirmfoto-2021-12-23-um-17.40.00.png","width":376,"height":125,"caption":"SGVW-Die Wissensplattform im \u00f6ffentlichen Sektor"},"image":{"@id":"https:\/\/sgvw.ch\/fr\/#\/schema\/logo\/image\/"}}]}},"_links":{"self":[{"href":"https:\/\/sgvw.ch\/fr\/wp-json\/wp\/v2\/pages\/4240"}],"collection":[{"href":"https:\/\/sgvw.ch\/fr\/wp-json\/wp\/v2\/pages"}],"about":[{"href":"https:\/\/sgvw.ch\/fr\/wp-json\/wp\/v2\/types\/page"}],"author":[{"embeddable":true,"href":"https:\/\/sgvw.ch\/fr\/wp-json\/wp\/v2\/users\/4"}],"replies":[{"embeddable":true,"href":"https:\/\/sgvw.ch\/fr\/wp-json\/wp\/v2\/comments?post=4240"}],"version-history":[{"count":1,"href":"https:\/\/sgvw.ch\/fr\/wp-json\/wp\/v2\/pages\/4240\/revisions"}],"predecessor-version":[{"id":4241,"href":"https:\/\/sgvw.ch\/fr\/wp-json\/wp\/v2\/pages\/4240\/revisions\/4241"}],"wp:attachment":[{"href":"https:\/\/sgvw.ch\/fr\/wp-json\/wp\/v2\/media?parent=4240"}],"curies":[{"name":"wp","href":"https:\/\/api.w.org\/{rel}","templated":true}]}}